{"id":3371,"date":"2019-10-23T07:41:18","date_gmt":"2019-10-23T07:41:18","guid":{"rendered":"https:\/\/themes.themegoods.com\/avante\/?page_id=3371"},"modified":"2022-02-02T17:48:30","modified_gmt":"2022-02-02T17:48:30","slug":"novedades","status":"publish","type":"page","link":"https:\/\/arteroadvocats.com\/pt\/novedades\/","title":{"rendered":"Novidades"},"content":{"rendered":"<div data-elementor-type=\"wp-page\" data-elementor-id=\"3371\" class=\"elementor elementor-3371\">\n\t\t\t\t\t\t<section class=\"elementor-section elementor-top-section elementor-element elementor-element-7a9faf0 elementor-section-stretched elementor-section-full_width elementor-section-height-default elementor-section-height-default\" data-id=\"7a9faf0\" data-element_type=\"section\" data-settings=\"{&quot;stretch_section&quot;:&quot;section-stretched&quot;}\">\n\t\t\t\t\t\t<div class=\"elementor-container elementor-column-gap-default\">\n\t\t\t\t\t<div class=\"elementor-column elementor-col-100 elementor-top-column elementor-element elementor-element-1f321c9\" data-id=\"1f321c9\" data-element_type=\"column\" data-settings=\"{&quot;avante_ext_is_scrollme&quot;:&quot;false&quot;,&quot;avante_ext_is_smoove&quot;:&quot;false&quot;,&quot;avante_ext_is_parallax_mouse&quot;:&quot;false&quot;,&quot;avante_ext_is_infinite&quot;:&quot;false&quot;}\">\n\t\t\t<div class=\"elementor-widget-wrap elementor-element-populated\">\n\t\t\t\t\t\t<div class=\"elementor-element elementor-element-d51b0b6 elementor-widget elementor-widget-avante-blog-posts\" data-id=\"d51b0b6\" data-element_type=\"widget\" data-settings=\"{&quot;avante_ext_is_scrollme&quot;:&quot;false&quot;,&quot;avante_ext_is_smoove&quot;:&quot;false&quot;,&quot;avante_ext_is_parallax_mouse&quot;:&quot;false&quot;,&quot;avante_ext_is_infinite&quot;:&quot;false&quot;}\" data-widget_type=\"avante-blog-posts.default\">\n\t\t\t\t<div class=\"elementor-widget-container\">\n\t\t\t\t\t<div class=\"blog-post-content-wrapper layout-grid_no_space\">\n\n<!-- Begin each blog post -->\n<div class=\"blog-posts-grid_no_space blog-tilt smoove disable_tablet post-7906 post type-post status-publish format-standard has-post-thumbnail hentry category-abogados\" style=\"background-image:url(https:\/\/arteroadvocats.com\/wp-content\/uploads\/2021\/07\/vacaciones_blog-610x610.jpg);\" data-delay=\"100\" data-minwidth=\"769\">\n\n\t<div class=\"post-wrapper\">\n\t\t\n\t\t<div class=\"post-content-wrapper text-\">\n\t\t    \n\t\t    <div class=\"post-header\">\n\t\t\t    \t\t\t\t<div class=\"post-header-title\">\n\t\t\t\t    <h5><a href=\"https:\/\/arteroadvocats.com\/pt\/las-vacaciones-de-los-trabajadores-de-una-empresa\/\" title=\"F\u00e9rias dos trabalhadores de uma empresa\">F\u00e9rias dos trabalhadores de uma empresa<\/a><\/h5>\n\t\t\t\t<\/div>\n\t\t\t\t\n\t\t\t\t<div class=\"post-header-wrapper\">\n\t\t\t\t\t\t\t    \n\t\t\t    <div class=\"post-button-wrapper\">\n\t\t\t\t    <a class=\"continue-reading\" href=\"https:\/\/arteroadvocats.com\/pt\/las-vacaciones-de-los-trabajadores-de-una-empresa\/\" title=\"F\u00e9rias dos trabalhadores de uma empresa\">Continue Reading<span><\/span><\/a>\n\t\t\t\t    \n\t\t\t\t    \t\t\t    <\/div>\n\t\t\t<\/div>\n\t\t\t<\/div>\n\t    <\/div>\n\t    \n\t<\/div>\n\n<\/div>\n<!-- End each blog post -->\n<!-- Begin each blog post -->\n<div class=\"blog-posts-grid_no_space blog-tilt smoove disable_tablet post-7905 post type-post status-publish format-standard has-post-thumbnail hentry category-abogados\" style=\"background-image:url(https:\/\/arteroadvocats.com\/wp-content\/uploads\/2021\/07\/pagos-trabajadores-610x610.jpg);\" data-delay=\"200\" data-minwidth=\"769\">\n\n\t<div class=\"post-wrapper\">\n\t\t\n\t\t<div class=\"post-content-wrapper text-\">\n\t\t    \n\t\t    <div class=\"post-header\">\n\t\t\t    \t\t\t\t<div class=\"post-header-title\">\n\t\t\t\t    <h5><a href=\"https:\/\/arteroadvocats.com\/pt\/trabajo-y-salario-de-los-trabajadores\/\" title=\"Trabalho e Sal\u00e1rio dos Trabalhadores.\">Trabalho e Sal\u00e1rio dos Trabalhadores.<\/a><\/h5>\n\t\t\t\t<\/div>\n\t\t\t\t\n\t\t\t\t<div class=\"post-header-wrapper\">\n\t\t\t\t\t\t\t    \n\t\t\t    <div class=\"post-button-wrapper\">\n\t\t\t\t    <a class=\"continue-reading\" href=\"https:\/\/arteroadvocats.com\/pt\/trabajo-y-salario-de-los-trabajadores\/\" title=\"Trabalho e Sal\u00e1rio dos Trabalhadores.\">Continue Reading<span><\/span><\/a>\n\t\t\t\t    \n\t\t\t\t    \t\t\t    <\/div>\n\t\t\t<\/div>\n\t\t\t<\/div>\n\t    <\/div>\n\t    \n\t<\/div>\n\n<\/div>\n<!-- End each blog post -->\n<!-- Begin each blog post -->\n<div class=\"blog-posts-grid_no_space blog-tilt smoove disable_tablet post-7904 post type-post status-publish format-standard has-post-thumbnail hentry category-abogados\" style=\"background-image:url(https:\/\/arteroadvocats.com\/wp-content\/uploads\/2021\/07\/convenio-trabajadores-610x610.jpg);\" data-delay=\"300\" data-minwidth=\"769\">\n\n\t<div class=\"post-wrapper\">\n\t\t\n\t\t<div class=\"post-content-wrapper text-\">\n\t\t    \n\t\t    <div class=\"post-header\">\n\t\t\t    \t\t\t\t<div class=\"post-header-title\">\n\t\t\t\t    <h5><a href=\"https:\/\/arteroadvocats.com\/pt\/que-son-los-derechos-y-deberes-de-los-trabajadores\/\" title=\"Quais s\u00e3o os direitos e deveres dos trabalhadores?\">Quais s\u00e3o os direitos e deveres dos trabalhadores?<\/a><\/h5>\n\t\t\t\t<\/div>\n\t\t\t\t\n\t\t\t\t<div class=\"post-header-wrapper\">\n\t\t\t\t\t\t\t    \n\t\t\t    <div class=\"post-button-wrapper\">\n\t\t\t\t    <a class=\"continue-reading\" href=\"https:\/\/arteroadvocats.com\/pt\/que-son-los-derechos-y-deberes-de-los-trabajadores\/\" title=\"Quais s\u00e3o os direitos e deveres dos trabalhadores?\">Continue Reading<span><\/span><\/a>\n\t\t\t\t    \n\t\t\t\t    \t\t\t    <\/div>\n\t\t\t<\/div>\n\t\t\t<\/div>\n\t    <\/div>\n\t    \n\t<\/div>\n\n<\/div>\n<!-- End each blog post -->\n<!-- Begin each blog post -->\n<div class=\"blog-posts-grid_no_space blog-tilt smoove disable_tablet post-7903 post type-post status-publish format-standard has-post-thumbnail hentry category-abogados\" style=\"background-image:url(https:\/\/arteroadvocats.com\/wp-content\/uploads\/2021\/07\/impuestos_tasas-610x610.jpg);\" data-delay=\"400\" data-minwidth=\"769\">\n\n\t<div class=\"post-wrapper\">\n\t\t\n\t\t<div class=\"post-content-wrapper text-\">\n\t\t    \n\t\t    <div class=\"post-header\">\n\t\t\t    \t\t\t\t<div class=\"post-header-title\">\n\t\t\t\t    <h5><a href=\"https:\/\/arteroadvocats.com\/pt\/que-son-las-obligaciones-fiscales-de-una-empresa\/\" title=\"Quais s\u00e3o as obriga\u00e7\u00f5es fiscais de uma empresa?\">Quais s\u00e3o as obriga\u00e7\u00f5es fiscais de uma empresa?<\/a><\/h5>\n\t\t\t\t<\/div>\n\t\t\t\t\n\t\t\t\t<div class=\"post-header-wrapper\">\n\t\t\t\t\t\t\t    \n\t\t\t    <div class=\"post-button-wrapper\">\n\t\t\t\t    <a class=\"continue-reading\" href=\"https:\/\/arteroadvocats.com\/pt\/que-son-las-obligaciones-fiscales-de-una-empresa\/\" title=\"Quais s\u00e3o as obriga\u00e7\u00f5es fiscais de uma empresa?\">Continue Reading<span><\/span><\/a>\n\t\t\t\t    \n\t\t\t\t    \t\t\t    <\/div>\n\t\t\t<\/div>\n\t\t\t<\/div>\n\t    <\/div>\n\t    \n\t<\/div>\n\n<\/div>\n<!-- End each blog post -->\n<!-- Begin each blog post -->\n<div class=\"blog-posts-grid_no_space blog-tilt smoove disable_tablet post-7902 post type-post status-publish format-standard has-post-thumbnail hentry category-abogados\" style=\"background-image:url(https:\/\/arteroadvocats.com\/wp-content\/uploads\/2021\/07\/seguridad-social-610x610.jpg);\" data-delay=\"100\" data-minwidth=\"769\">\n\n\t<div class=\"post-wrapper\">\n\t\t\n\t\t<div class=\"post-content-wrapper text-\">\n\t\t    \n\t\t    <div class=\"post-header\">\n\t\t\t    \t\t\t\t<div class=\"post-header-title\">\n\t\t\t\t    <h5><a href=\"https:\/\/arteroadvocats.com\/pt\/que-es-la-seguridad-social-de-un-trabajador\/\" title=\"\u00bfQu\u00e9 es La Seguridad Social De Un Trabajador?\">\u00bfQu\u00e9 es La Seguridad Social De Un Trabajador?<\/a><\/h5>\n\t\t\t\t<\/div>\n\t\t\t\t\n\t\t\t\t<div class=\"post-header-wrapper\">\n\t\t\t\t\t\t\t    \n\t\t\t    <div class=\"post-button-wrapper\">\n\t\t\t\t    <a class=\"continue-reading\" href=\"https:\/\/arteroadvocats.com\/pt\/que-es-la-seguridad-social-de-un-trabajador\/\" title=\"\u00bfQu\u00e9 es La Seguridad Social De Un Trabajador?\">Continue Reading<span><\/span><\/a>\n\t\t\t\t    \n\t\t\t\t    \t\t\t    <\/div>\n\t\t\t<\/div>\n\t\t\t<\/div>\n\t    <\/div>\n\t    \n\t<\/div>\n\n<\/div>\n<!-- End each blog post -->\n<!-- Begin each blog post -->\n<div class=\"blog-posts-grid_no_space blog-tilt smoove disable_tablet post-7901 post type-post status-publish format-standard has-post-thumbnail hentry category-abogados\" style=\"background-image:url(https:\/\/arteroadvocats.com\/wp-content\/uploads\/2021\/07\/contratos-610x610.jpg);\" data-delay=\"200\" data-minwidth=\"769\">\n\n\t<div class=\"post-wrapper\">\n\t\t\n\t\t<div class=\"post-content-wrapper text-\">\n\t\t    \n\t\t    <div class=\"post-header\">\n\t\t\t    \t\t\t\t<div class=\"post-header-title\">\n\t\t\t\t    <h5><a href=\"https:\/\/arteroadvocats.com\/pt\/que-es-la-seguridad-laboral\/\" title=\"\u00bfQu\u00e9 es la Seguridad Laboral?\">\u00bfQu\u00e9 es la Seguridad Laboral?<\/a><\/h5>\n\t\t\t\t<\/div>\n\t\t\t\t\n\t\t\t\t<div class=\"post-header-wrapper\">\n\t\t\t\t\t\t\t    \n\t\t\t    <div class=\"post-button-wrapper\">\n\t\t\t\t    <a class=\"continue-reading\" href=\"https:\/\/arteroadvocats.com\/pt\/que-es-la-seguridad-laboral\/\" title=\"\u00bfQu\u00e9 es la Seguridad Laboral?\">Continue Reading<span><\/span><\/a>\n\t\t\t\t    \n\t\t\t\t    \t\t\t    <\/div>\n\t\t\t<\/div>\n\t\t\t<\/div>\n\t    <\/div>\n\t    \n\t<\/div>\n\n<\/div>\n<!-- End each blog post -->\n<!-- Begin each blog post -->\n<div class=\"blog-posts-grid_no_space blog-tilt smoove disable_tablet post-7900 post type-post status-publish format-standard has-post-thumbnail hentry category-abogados\" style=\"background-image:url(https:\/\/arteroadvocats.com\/wp-content\/uploads\/2021\/07\/maternidad-610x610.jpg);\" data-delay=\"300\" data-minwidth=\"769\">\n\n\t<div class=\"post-wrapper\">\n\t\t\n\t\t<div class=\"post-content-wrapper text-\">\n\t\t    \n\t\t    <div class=\"post-header\">\n\t\t\t    \t\t\t\t<div class=\"post-header-title\">\n\t\t\t\t    <h5><a href=\"https:\/\/arteroadvocats.com\/pt\/que-es-la-licencia-por-maternidad\/\" title=\"\u00bfQu\u00e9 es la Licencia por Maternidad?\">\u00bfQu\u00e9 es la Licencia por Maternidad?<\/a><\/h5>\n\t\t\t\t<\/div>\n\t\t\t\t\n\t\t\t\t<div class=\"post-header-wrapper\">\n\t\t\t\t\t\t\t    \n\t\t\t    <div class=\"post-button-wrapper\">\n\t\t\t\t    <a class=\"continue-reading\" href=\"https:\/\/arteroadvocats.com\/pt\/que-es-la-licencia-por-maternidad\/\" title=\"\u00bfQu\u00e9 es la Licencia por Maternidad?\">Continue Reading<span><\/span><\/a>\n\t\t\t\t    \n\t\t\t\t    \t\t\t    <\/div>\n\t\t\t<\/div>\n\t\t\t<\/div>\n\t    <\/div>\n\t    \n\t<\/div>\n\n<\/div>\n<!-- End each blog post -->\n<!-- Begin each blog post -->\n<div class=\"blog-posts-grid_no_space blog-tilt smoove disable_tablet post-7899 post type-post status-publish format-standard has-post-thumbnail hentry category-abogados\" style=\"background-image:url(https:\/\/arteroadvocats.com\/wp-content\/uploads\/2021\/07\/sindicatos-610x610.jpg);\" data-delay=\"400\" data-minwidth=\"769\">\n\n\t<div class=\"post-wrapper\">\n\t\t\n\t\t<div class=\"post-content-wrapper text-\">\n\t\t    \n\t\t    <div class=\"post-header\">\n\t\t\t    \t\t\t\t<div class=\"post-header-title\">\n\t\t\t\t    <h5><a href=\"https:\/\/arteroadvocats.com\/pt\/que-es-la-libertad-sindical-de-los-trabajadores\/\" title=\"\u00bfQu\u00e9 es la libertad sindical de los trabajadores?\">\u00bfQu\u00e9 es la libertad sindical de los trabajadores?<\/a><\/h5>\n\t\t\t\t<\/div>\n\t\t\t\t\n\t\t\t\t<div class=\"post-header-wrapper\">\n\t\t\t\t\t\t\t    \n\t\t\t    <div class=\"post-button-wrapper\">\n\t\t\t\t    <a class=\"continue-reading\" href=\"https:\/\/arteroadvocats.com\/pt\/que-es-la-libertad-sindical-de-los-trabajadores\/\" title=\"\u00bfQu\u00e9 es la libertad sindical de los trabajadores?\">Continue Reading<span><\/span><\/a>\n\t\t\t\t    \n\t\t\t\t    \t\t\t    <\/div>\n\t\t\t<\/div>\n\t\t\t<\/div>\n\t    <\/div>\n\t    \n\t<\/div>\n\n<\/div>\n<!-- End each blog post -->\n<!-- Begin each blog post -->\n<div class=\"blog-posts-grid_no_space blog-tilt smoove disable_tablet post-7898 post type-post status-publish format-standard has-post-thumbnail hentry category-abogados\" style=\"background-image:url(https:\/\/arteroadvocats.com\/wp-content\/uploads\/2021\/07\/jefe-610x610.jpg);\" data-delay=\"100\" data-minwidth=\"769\">\n\n\t<div class=\"post-wrapper\">\n\t\t\n\t\t<div class=\"post-content-wrapper text-\">\n\t\t    \n\t\t    <div class=\"post-header\">\n\t\t\t    \t\t\t\t<div class=\"post-header-title\">\n\t\t\t\t    <h5><a href=\"https:\/\/arteroadvocats.com\/pt\/cuales-son-las-obligaciones-del-empleador\/\" title=\"\u00bfCu\u00e1les son Las Obligaciones del Empleador?\">\u00bfCu\u00e1les son Las Obligaciones del Empleador?<\/a><\/h5>\n\t\t\t\t<\/div>\n\t\t\t\t\n\t\t\t\t<div class=\"post-header-wrapper\">\n\t\t\t\t\t\t\t    \n\t\t\t    <div class=\"post-button-wrapper\">\n\t\t\t\t    <a class=\"continue-reading\" href=\"https:\/\/arteroadvocats.com\/pt\/cuales-son-las-obligaciones-del-empleador\/\" title=\"\u00bfCu\u00e1les son Las Obligaciones del Empleador?\">Continue Reading<span><\/span><\/a>\n\t\t\t\t    \n\t\t\t\t    \t\t\t    <\/div>\n\t\t\t<\/div>\n\t\t\t<\/div>\n\t    <\/div>\n\t    \n\t<\/div>\n\n<\/div>\n<!-- End each blog post -->\n<!-- Begin each blog post -->\n<div class=\"blog-posts-grid_no_space blog-tilt smoove disable_tablet post-203 post type-post status-publish format-video has-post-thumbnail hentry category-abogados post_format-post-format-video\" style=\"background-image:url(https:\/\/arteroadvocats.com\/wp-content\/uploads\/2019\/04\/cheques-610x610.jpg);\" data-delay=\"200\" data-minwidth=\"769\">\n\n\t<div class=\"post-wrapper\">\n\t\t\n\t\t<div class=\"post-content-wrapper text-\">\n\t\t    \n\t\t    <div class=\"post-header\">\n\t\t\t    \t\t\t\t<div class=\"post-header-title\">\n\t\t\t\t    <h5><a href=\"https:\/\/arteroadvocats.com\/pt\/compensacion-a-los-trabajadores-por-despido\/\" title=\"Compensaci\u00f3n a los Trabajadores por Despido\">Compensaci\u00f3n a los Trabajadores por Despido<\/a><\/h5>\n\t\t\t\t<\/div>\n\t\t\t\t\n\t\t\t\t<div class=\"post-header-wrapper\">\n\t\t\t\t\t\t\t    \n\t\t\t    <div class=\"post-button-wrapper\">\n\t\t\t\t    <a class=\"continue-reading\" href=\"https:\/\/arteroadvocats.com\/pt\/compensacion-a-los-trabajadores-por-despido\/\" title=\"Compensaci\u00f3n a los Trabajadores por Despido\">Continue Reading<span><\/span><\/a>\n\t\t\t\t    \n\t\t\t\t    \t\t\t    <\/div>\n\t\t\t<\/div>\n\t\t\t<\/div>\n\t    <\/div>\n\t    \n\t<\/div>\n\n<\/div>\n<!-- End each blog post --><\/div>\n<br class=\"clear\"\/>\t\t\t\t<\/div>\n\t\t\t\t<\/div>\n\t\t\t\t\t<\/div>\n\t\t<\/div>\n\t\t\t\t\t<\/div>\n\t\t<\/section>\n\t\t\t\t<\/div>","protected":false},"excerpt":{"rendered":"<p>10 Things Successful Mompreneurs Do Different Continue Reading 3 Clear Warnings That Say Your Goals Are Too Small Continue Reading Questions every business owner must be able to answer correctly Continue Reading How will you know success when it shows [&hellip;]<\/p>","protected":false},"author":1,"featured_media":0,"parent":0,"menu_order":0,"comment_status":"closed","ping_status":"closed","template":"","meta":{"footnotes":""},"class_list":["post-3371","page","type-page","status-publish","hentry"],"_links":{"self":[{"href":"https:\/\/arteroadvocats.com\/pt\/wp-json\/wp\/v2\/pages\/3371","targetHints":{"allow":["GET"]}}],"collection":[{"href":"https:\/\/arteroadvocats.com\/pt\/wp-json\/wp\/v2\/pages"}],"about":[{"href":"https:\/\/arteroadvocats.com\/pt\/wp-json\/wp\/v2\/types\/page"}],"author":[{"embeddable":true,"href":"https:\/\/arteroadvocats.com\/pt\/wp-json\/wp\/v2\/users\/1"}],"replies":[{"embeddable":true,"href":"https:\/\/arteroadvocats.com\/pt\/wp-json\/wp\/v2\/comments?post=3371"}],"version-history":[{"count":1,"href":"https:\/\/arteroadvocats.com\/pt\/wp-json\/wp\/v2\/pages\/3371\/revisions"}],"predecessor-version":[{"id":8503,"href":"https:\/\/arteroadvocats.com\/pt\/wp-json\/wp\/v2\/pages\/3371\/revisions\/8503"}],"wp:attachment":[{"href":"https:\/\/arteroadvocats.com\/pt\/wp-json\/wp\/v2\/media?parent=3371"}],"curies":[{"name":"wp","href":"https:\/\/api.w.org\/{rel}","templated":true}]}}